{"id":727,"date":"2017-07-25T12:02:37","date_gmt":"2017-07-25T18:02:37","guid":{"rendered":"http:\/\/portal.elrobletapalpa.com.mx\/?page_id=727"},"modified":"2017-08-29T18:43:44","modified_gmt":"2017-08-30T00:43:44","slug":"tapalpa-pueblo-magico","status":"publish","type":"page","link":"https:\/\/elrobletapalpa.com.mx\/portal\/?page_id=727","title":{"rendered":"TAPALPA PUEBLO MAGICO"},"content":{"rendered":"<p style=\"text-align: justify;\">Tapalpa, \u201ctierra de colores\u201d o \u201clugar situado en lo alto\u201d, en n\u00e1huatl, se ubica al sur del estado de Jalisco. Es un sitio de gran colorido que se caracterizada por su tranquilidad, sus riquezas natural y cultural. En sus or\u00edgenes fue una comunidad ind\u00edgena adjudicada a los dominios del se\u00f1or\u00edo de Tzaollan , Zaul\u00e1n, Sayutl\u00e1n o Sayula, gobernado por el rey Cuantoma. En 1523, un grupo de espa\u00f1oles comandados por el capit\u00e1n Alonso de \u00c1valos Saavedra, El Viejo, lleg\u00f3 al pueblo de Atlacco, dando inicio a la colonizaci\u00f3n y catequizaci\u00f3n de los ind\u00edgenas entre los a\u00f1os de 1531 y 1532.<\/p>\n<p style=\"text-align: justify;\">La cabecera municipal se fund\u00f3 en 1650, junto con el templo de San Antonio de Padua y en 1825 se instituy\u00f3 su ayuntamiento y en 1869 se cre\u00f3 formalmente el municipio de Tapalpa, la cual se convirti\u00f3 en villa hasta el a\u00f1o de 1878.<\/p>\n<p>&nbsp;<\/p>\n<table width=\"960\" cellspacing=\"10\" cellpadding=\"10\" border=\"0\">\n<tbody>\n<tr>\n<td>\n<div class=\"youtube-embed\" itemprop=\"video\" itemscope itemtype=\"https:\/\/schema.org\/VideoObject\">\n\t<meta itemprop=\"url\" content=\"https:\/\/www.youtube.com\/v\/mjz_35wHOnI\" \/>\n\t<meta itemprop=\"name\" content=\"TAPALPA PUEBLO MAGICO\" \/>\n\t<meta itemprop=\"description\" content=\"TAPALPA PUEBLO MAGICO\" \/>\n\t<meta itemprop=\"uploadDate\" content=\"2017-07-25T12:02:37-06:00\" \/>\n\t<meta itemprop=\"thumbnailUrl\" content=\"https:\/\/i.ytimg.com\/vi\/mjz_35wHOnI\/default.jpg\" \/>\n\t<meta itemprop=\"embedUrl\" content=\"https:\/\/www.youtube.com\/embed\/mjz_35wHOnI\" \/>\n\t<meta itemprop=\"height\" content=\"340\" \/>\n\t<meta itemprop=\"width\" content=\"560\" \/>\n\t<iframe loading=\"lazy\" style=\"border: 0;\" class=\"youtube-player\" width=\"560\" height=\"340\" src=\"https:\/\/www.youtube.com\/embed\/mjz_35wHOnI?rel=0&playsinline=1\" allowfullscreen><\/iframe>\n<\/div>\n<\/td>\n<td>\n<div class=\"youtube-embed\" itemprop=\"video\" itemscope itemtype=\"https:\/\/schema.org\/VideoObject\">\n\t<meta itemprop=\"url\" content=\"https:\/\/www.youtube.com\/v\/dF6yMtoRKxk\" \/>\n\t<meta itemprop=\"name\" content=\"TAPALPA PUEBLO MAGICO\" \/>\n\t<meta itemprop=\"description\" content=\"TAPALPA PUEBLO MAGICO\" \/>\n\t<meta itemprop=\"uploadDate\" content=\"2017-07-25T12:02:37-06:00\" \/>\n\t<meta itemprop=\"thumbnailUrl\" content=\"https:\/\/i.ytimg.com\/vi\/dF6yMtoRKxk\/default.jpg\" \/>\n\t<meta itemprop=\"embedUrl\" content=\"https:\/\/www.youtube.com\/embed\/dF6yMtoRKxk\" \/>\n\t<meta itemprop=\"height\" content=\"340\" \/>\n\t<meta itemprop=\"width\" content=\"560\" \/>\n\t<iframe loading=\"lazy\" style=\"border: 0;\" class=\"youtube-player\" width=\"560\" height=\"340\" src=\"https:\/\/www.youtube.com\/embed\/dF6yMtoRKxk?rel=0&playsinline=1\" allowfullscreen><\/iframe>\n<\/div>\n<\/td>\n<td>\n<div class=\"youtube-embed\" itemprop=\"video\" itemscope itemtype=\"https:\/\/schema.org\/VideoObject\">\n\t<meta itemprop=\"url\" content=\"https:\/\/www.youtube.com\/v\/W1WjDGfNdmk\" \/>\n\t<meta itemprop=\"name\" content=\"TAPALPA PUEBLO MAGICO\" \/>\n\t<meta itemprop=\"description\" content=\"TAPALPA PUEBLO MAGICO\" \/>\n\t<meta itemprop=\"uploadDate\" content=\"2017-07-25T12:02:37-06:00\" \/>\n\t<meta itemprop=\"thumbnailUrl\" content=\"https:\/\/i.ytimg.com\/vi\/W1WjDGfNdmk\/default.jpg\" \/>\n\t<meta itemprop=\"embedUrl\" content=\"https:\/\/www.youtube.com\/embed\/W1WjDGfNdmk\" \/>\n\t<meta itemprop=\"height\" content=\"340\" \/>\n\t<meta itemprop=\"width\" content=\"560\" \/>\n\t<iframe loading=\"lazy\" style=\"border: 0;\" class=\"youtube-player\" width=\"560\" height=\"340\" src=\"https:\/\/www.youtube.com\/embed\/W1WjDGfNdmk?rel=0&playsinline=1\" allowfullscreen><\/iframe>\n<\/div>\n<\/td>\n<\/tr>\n<\/tbody>\n<\/table>\nngg_shortcode_0_placeholder\n","protected":false},"excerpt":{"rendered":"<p>Tapalpa, \u201ctierra de colores\u201d o \u201clugar situado en lo alto\u201d, en n\u00e1huatl, se ubica al sur del estado de Jalisco. Es un sitio de gran colorido que se caracterizada por su tranquilidad, sus riquezas natural y cultural. En sus or\u00edgenes fue una comunidad ind\u00edgena adjudicada a los dominios del se\u00f1or\u00edo de Tzaollan , Zaul\u00e1n, Sayutl\u00e1n o Sayula, gobernado por el rey Cuantoma. En 1523, un grupo de espa\u00f1oles comandados por el capit\u00e1n Alonso de \u00c1valos Saavedra, El Viejo, lleg\u00f3 al pueblo de Atlacco, dando inicio a la colonizaci\u00f3n y catequizaci\u00f3n de los ind\u00edgenas entre los a\u00f1os de 1531 y 1532.[&#8230;]<\/p>\n","protected":false},"author":2,"featured_media":0,"parent":1162,"menu_order":0,"comment_status":"closed","ping_status":"closed","template":"template-fullwidth.php","meta":{"ngg_post_thumbnail":0,"footnotes":""},"_links":{"self":[{"href":"https:\/\/elrobletapalpa.com.mx\/portal\/index.php?rest_route=\/wp\/v2\/pages\/727"}],"collection":[{"href":"https:\/\/elrobletapalpa.com.mx\/portal\/index.php?rest_route=\/wp\/v2\/pages"}],"about":[{"href":"https:\/\/elrobletapalpa.com.mx\/portal\/index.php?rest_route=\/wp\/v2\/types\/page"}],"author":[{"embeddable":true,"href":"https:\/\/elrobletapalpa.com.mx\/portal\/index.php?rest_route=\/wp\/v2\/users\/2"}],"replies":[{"embeddable":true,"href":"https:\/\/elrobletapalpa.com.mx\/portal\/index.php?rest_route=%2Fwp%2Fv2%2Fcomments&post=727"}],"version-history":[{"count":15,"href":"https:\/\/elrobletapalpa.com.mx\/portal\/index.php?rest_route=\/wp\/v2\/pages\/727\/revisions"}],"predecessor-version":[{"id":1133,"href":"https:\/\/elrobletapalpa.com.mx\/portal\/index.php?rest_route=\/wp\/v2\/pages\/727\/revisions\/1133"}],"up":[{"embeddable":true,"href":"https:\/\/elrobletapalpa.com.mx\/portal\/index.php?rest_route=\/wp\/v2\/pages\/1162"}],"wp:attachment":[{"href":"https:\/\/elrobletapalpa.com.mx\/portal\/index.php?rest_route=%2Fwp%2Fv2%2Fmedia&parent=727"}],"curies":[{"name":"wp","href":"https:\/\/api.w.org\/{rel}","templated":true}]}}