{"id":188,"date":"2014-03-10T20:32:14","date_gmt":"2014-03-10T20:32:14","guid":{"rendered":"http:\/\/www.cssigniter.com\/preview\/santorini\/?page_id=19"},"modified":"2022-09-18T17:18:38","modified_gmt":"2022-09-18T23:18:38","slug":"reservaciones","status":"publish","type":"page","link":"https:\/\/elrobletapalpa.com.mx\/portal\/?page_id=188","title":{"rendered":"Reservaciones"},"content":{"rendered":"<h5><strong>Informaci\u00f3n requerida para reservar v\u00eda telef\u00f3nica o WhatsApp al<\/strong> 3331296438 con:<\/h5>\n<ul>\n<li>Nombre a quien queda la reserva<\/li>\n<li>N\u00famero de personas (ni\u00f1os menores de 3 a\u00f1os gratis)<\/li>\n<li>Fechas requeridas<\/li>\n<li>Una vez recibida esta informaci\u00f3n, pre-reservamos la caba\u00f1a y le enviamos informaci\u00f3n para el pago del 50%<\/li>\n<li>Se reciben pagos con tarjeta de d\u00e9bito o cr\u00e9dito, dep\u00f3sitos bancarios, pagos en&nbsp; 7-Eleven y farmacias Guadalajara<\/li>\n<li>Se debe enviar comprobante del pago y nosotros le enviaremos el comprobante de la reserva.<\/li>\n<\/ul>\n<h5>&nbsp;<br \/>\nInformaci\u00f3n Importante a considerar:<\/h5>\n<ul>\n<li>Nuestros servicios est\u00e1n orientados principalmente a familias<\/li>\n<li>No se permite fumar en el interior de las caba\u00f1as<\/li>\n<li>No se permite ingresar mascotas al interior de la caba\u00f1a<\/li>\n<\/ul>\n<h5>&nbsp;<\/h5>\n","protected":false},"excerpt":{"rendered":"<p>Informaci\u00f3n requerida para reservar v\u00eda telef\u00f3nica o WhatsApp al 3331296438 con: Nombre a quien queda la reserva N\u00famero de personas (ni\u00f1os menores de 3 a\u00f1os gratis) Fechas requeridas Una vez recibida esta informaci\u00f3n, pre-reservamos la caba\u00f1a y le enviamos informaci\u00f3n para el pago del 50% Se reciben pagos con tarjeta de d\u00e9bito o cr\u00e9dito, dep\u00f3sitos bancarios, pagos en&nbsp; 7-Eleven y farmacias Guadalajara Se debe enviar comprobante del pago y nosotros le enviaremos el comprobante de la reserva. &nbsp; Informaci\u00f3n Importante a considerar: Nuestros servicios est\u00e1n orientados principalmente a familias No se permite fumar en el interior de las caba\u00f1as No[&#8230;]<\/p>\n","protected":false},"author":4,"featured_media":0,"parent":0,"menu_order":5,"comment_status":"closed","ping_status":"closed","template":"","meta":{"ngg_post_thumbnail":0,"footnotes":""},"_links":{"self":[{"href":"https:\/\/elrobletapalpa.com.mx\/portal\/index.php?rest_route=\/wp\/v2\/pages\/188"}],"collection":[{"href":"https:\/\/elrobletapalpa.com.mx\/portal\/index.php?rest_route=\/wp\/v2\/pages"}],"about":[{"href":"https:\/\/elrobletapalpa.com.mx\/portal\/index.php?rest_route=\/wp\/v2\/types\/page"}],"author":[{"embeddable":true,"href":"https:\/\/elrobletapalpa.com.mx\/portal\/index.php?rest_route=\/wp\/v2\/users\/4"}],"replies":[{"embeddable":true,"href":"https:\/\/elrobletapalpa.com.mx\/portal\/index.php?rest_route=%2Fwp%2Fv2%2Fcomments&post=188"}],"version-history":[{"count":13,"href":"https:\/\/elrobletapalpa.com.mx\/portal\/index.php?rest_route=\/wp\/v2\/pages\/188\/revisions"}],"predecessor-version":[{"id":1475,"href":"https:\/\/elrobletapalpa.com.mx\/portal\/index.php?rest_route=\/wp\/v2\/pages\/188\/revisions\/1475"}],"wp:attachment":[{"href":"https:\/\/elrobletapalpa.com.mx\/portal\/index.php?rest_route=%2Fwp%2Fv2%2Fmedia&parent=188"}],"curies":[{"name":"wp","href":"https:\/\/api.w.org\/{rel}","templated":true}]}}