{"id":17,"date":"2014-03-10T14:32:02","date_gmt":"2014-03-10T20:32:02","guid":{"rendered":"http:\/\/www.cssigniter.com\/preview\/santorini\/?page_id=17"},"modified":"2024-07-04T15:15:27","modified_gmt":"2024-07-04T21:15:27","slug":"contact","status":"publish","type":"page","link":"https:\/\/elrobletapalpa.com.mx\/portal\/?page_id=17","title":{"rendered":"Contacto"},"content":{"rendered":"<h4>Direcci\u00f3n:<\/h4>\n<p>Camino a los Espinos No.7, Comunidad los Espinos, Tapalpa Jalisco, M\u00e9xico<\/p>\n<p>Tel\u00e9fono o WhatsApp: +52 (33) 3129 6438<\/p>\n<h4>Referencia:<\/h4>\n<p>Del Crucero La Frontera continuar por la carretera hacia Tapalpa 3 Km, tomando hacia la derecha el camino rural a los Espinos 2.5 KM.<\/p>\n<p>&nbsp;<\/p>\n","protected":false},"excerpt":{"rendered":"<p>Direcci\u00f3n: Camino a los Espinos No.7, Comunidad los Espinos, Tapalpa Jalisco, M\u00e9xico Tel\u00e9fono o WhatsApp: +52 (33) 3129 6438 Referencia: Del Crucero La Frontera continuar por la carretera hacia Tapalpa 3 Km, tomando hacia la derecha el camino rural a los Espinos 2.5 KM. &nbsp;<\/p>\n","protected":false},"author":4,"featured_media":0,"parent":0,"menu_order":6,"comment_status":"closed","ping_status":"closed","template":"template-fullwidth.php","meta":{"ngg_post_thumbnail":0,"footnotes":""},"_links":{"self":[{"href":"https:\/\/elrobletapalpa.com.mx\/portal\/index.php?rest_route=\/wp\/v2\/pages\/17"}],"collection":[{"href":"https:\/\/elrobletapalpa.com.mx\/portal\/index.php?rest_route=\/wp\/v2\/pages"}],"about":[{"href":"https:\/\/elrobletapalpa.com.mx\/portal\/index.php?rest_route=\/wp\/v2\/types\/page"}],"author":[{"embeddable":true,"href":"https:\/\/elrobletapalpa.com.mx\/portal\/index.php?rest_route=\/wp\/v2\/users\/4"}],"replies":[{"embeddable":true,"href":"https:\/\/elrobletapalpa.com.mx\/portal\/index.php?rest_route=%2Fwp%2Fv2%2Fcomments&post=17"}],"version-history":[{"count":26,"href":"https:\/\/elrobletapalpa.com.mx\/portal\/index.php?rest_route=\/wp\/v2\/pages\/17\/revisions"}],"predecessor-version":[{"id":1520,"href":"https:\/\/elrobletapalpa.com.mx\/portal\/index.php?rest_route=\/wp\/v2\/pages\/17\/revisions\/1520"}],"wp:attachment":[{"href":"https:\/\/elrobletapalpa.com.mx\/portal\/index.php?rest_route=%2Fwp%2Fv2%2Fmedia&parent=17"}],"curies":[{"name":"wp","href":"https:\/\/api.w.org\/{rel}","templated":true}]}}