{"id":1066,"date":"2017-08-24T15:34:23","date_gmt":"2017-08-24T21:34:23","guid":{"rendered":"http:\/\/portal.elrobletapalpa.com.mx\/?page_id=1066"},"modified":"2017-08-29T18:44:11","modified_gmt":"2017-08-30T00:44:11","slug":"que-hacer-en-tapalpa","status":"publish","type":"page","link":"https:\/\/elrobletapalpa.com.mx\/portal\/?page_id=1066","title":{"rendered":"Que Hacer en Tapalpa"},"content":{"rendered":"<p style=\"text-align: justify;\"><strong>Actividades de Monta\u00f1a<\/strong>: Kayaks,&nbsp; &nbsp;Cuatrimotos, Caballos, parapente, ala delta, Juegos extremos, Gocha, Tirolesas, Rapel, Tiro, Deportes acu\u00e1ticos, Ciclismo de monta\u00f1a; Paseos recreativos al Salto del Nogal, la cascada m\u00e1s alta de Jalisco, Al m\u00edstico Valle de Las Piedrotas, caminatas por el bosque, Por ma\u00f1ana a la orde\u00f1a; Pinganas o pajaretes. (Leche caliente con o sin alcohol con su pan dulce de Pueblo). Servicio de Gu\u00eda para motos Cuatrimotos y A.T.V., para rutas cortas como El salto del nogal, Sayula, La presa Etc.<\/p>\n<p style=\"text-align: justify;\"><strong>El Pueblo:<\/strong> disfruta del hermoso pueblo m\u00e1gico sus calles adosadas, su plaza, restaurantes con su gastronomia t\u00edpica, bares, mercados y tiendas de artesan\u00edas, m\u00fasica, espect\u00e1culos y fiestas seg\u00fan la \u00e9poca (ver calendario de festividades). Disfruta de los deliciosos antojos de los puestecitos que se encuentran en los portales<\/p>\n<p>Tambi\u00e9n puedes encontrar relajaci\u00f3n y descanso en masajes y temascales.<\/p>\n<p>&nbsp;<\/p>\n<h2 style=\"text-align: center;\"><strong>Sitios<\/strong><strong> de inter\u00e9s<\/strong><\/h2>\n<p style=\"text-align: center;\"><strong><em>Pilas<\/em><\/strong><\/p>\n<p style=\"text-align: justify;\">Para abastecerse de agua, los habitantes de Tapalpa llenaban sus baldes en las fuentes comunales que a\u00fan conservan su tradicional uso y son conocidas por sus nombres originales: De las Culebras, del Perro, del Tecolote y La Colorada.<\/p>\n<div style=\"width: 830px\" class=\"wp-caption aligncenter\"><a href=\"http:\/\/portal.elrobletapalpa.com.mx\/wp-content\/gallery\/las-pilas\/Pilas_de_agua_2.jpg\" data-rel=\"prettyPhoto[1066]\"><img loading=\"lazy\" decoding=\"async\" class=\"size-full\" src=\"http:\/\/portal.elrobletapalpa.com.mx\/wp-content\/gallery\/las-pilas\/Pilas_de_agua_2.jpg\" alt=\"Pilas de Agua\" width=\"820\" height=\"550\"><\/a><p class=\"wp-caption-text\">Pilas de Agua<\/p><\/div>\n<p>&nbsp;<\/p>\n<p style=\"text-align: center;\"><strong><em>Parroquia de San Antonio<\/em><\/strong><\/p>\n<p style=\"text-align: justify;\">Construida en estilo neocl\u00e1sico en el a\u00f1o de 1650 por los franciscanos, fue consagrada al patronazgo de San Antonio de Padua en 1683 por el obispo de Guadalajara, don Juan de Santiago y Le\u00f3n Garabito. Sus caracter\u00edsticas incluyen el empleo del ladrillo como material de fabricaci\u00f3n y su ubicaci\u00f3n sobre un terrapl\u00e9n que nivela la inclinada ladera de la colina sobre la que se extiende. En el interior se presenta una nave central abovedada en forma de ca\u00f1\u00f3n, con arquer\u00edas laterales que sostienen la techumbre de los pasillos laterales y el coro. En el lado oeste del templo se presenta una amplia explanada enmarcada por una arquer\u00eda que recuerda la forma de un acueducto, en cuyo centro se localizan dos fuentes de cantera.<\/p>\n<div style=\"width: 510px\" class=\"wp-caption aligncenter\"><a href=\"http:\/\/portal.elrobletapalpa.com.mx\/wp-content\/gallery\/tapalpa-pueblo-magico\/templo-antiguo-de-san-antonio.jpg\" data-rel=\"prettyPhoto[1066]\"><img loading=\"lazy\" decoding=\"async\" class=\"\" src=\"http:\/\/portal.elrobletapalpa.com.mx\/wp-content\/gallery\/tapalpa-pueblo-magico\/templo-antiguo-de-san-antonio.jpg\" alt=\"Parroquia de San Antonio\" width=\"500\" height=\"375\"><\/a><p class=\"wp-caption-text\">Parroquia de San Antonio<\/p><\/div>\n<p>&nbsp;<\/p>\n<p style=\"text-align: center;\"><strong><em>Fiestas<\/em><\/strong><\/p>\n<p style=\"text-align: justify;\">Todo en Tapalpa invita al disfrute, artesan\u00edas, fiestas y gastronom\u00eda integran un mosaico que invitar\u00e1 siempre al regreso.<\/p>\n<p style=\"text-align: justify;\">Las fiestas m\u00e1s importantes de Tapalpa se distribuyen a lo largo del a\u00f1o, en fechas tan significativas como las del 4 al 12 de diciembre cuando se celebra a la Virgen de Guadalupe; entre marzo y abril, el carnaval y la Semana Santa; y un sinn\u00famero de festejos religiosos como los que celebran a la Virgen de la Defensa, en los meses de julio y agosto, y a la de las Mercedes, en septiembre.<\/p>\n<p style=\"text-align: center;\"><strong><em>Gastronom\u00eda<\/em><\/strong><\/p>\n<p style=\"text-align: justify;\">El platillo principal del lugar es el borrego al pastor, mientras que los dulces t\u00edpicos lo constituyen los llamados \u201cborrachitos\u201d y el rompope, entre otros dulces a base de leche como jamoncillos, cajetas y el tradicional \u201cPegoste\u201d.<\/p>\n<p style=\"text-align: center;\"><strong><em>Artesan\u00eda<\/em><\/strong><\/p>\n<p style=\"text-align: justify;\">La econom\u00eda de Tapalpa se sustenta principalmente en el turismo, para el cual se encuentra listo un singular repertorio de la producci\u00f3n artesanal del lugar, como muebles y adornos de madera; textiles de lana hechos a mano como cobijas, jorongos y morrales en una variada combinaci\u00f3n de colores; huaraches; art\u00edculos y adornos de madera tallada; trabajos t\u00edpicos de barro; entre otros.<\/p>\n<div style=\"width: 513px\" class=\"wp-caption aligncenter\"><a href=\"http:\/\/portal.elrobletapalpa.com.mx\/wp-content\/uploads\/2017\/08\/artesanias.jpg\" data-rel=\"prettyPhoto[1066]\"><img loading=\"lazy\" decoding=\"async\" class=\"\" src=\"http:\/\/portal.elrobletapalpa.com.mx\/wp-content\/uploads\/2017\/08\/artesanias.jpg\" alt=\"Artesan\u00eda\" width=\"503\" height=\"377\"><\/a><p class=\"wp-caption-text\">Artesan\u00edas<\/p><\/div>\n<h2>&nbsp;<\/h2>\n<h2 style=\"text-align: center;\"><strong>Alrededores<\/strong><\/h2>\n<p><strong><em>Piedrotas o Valle de Enigmas<\/em><\/strong><\/p>\n<p>Su principal atractivo son las enormes piedras de formas caprichosas que se asientan en medio de un paraje boscoso, en cuyas cercan\u00edas tambi\u00e9n se encuentra un refrescante arroyo. Se ubica a 4 km al norte de Tapalpa.<\/p>\n<div style=\"width: 531px\" class=\"wp-caption aligncenter\"><a href=\"http:\/\/portal.elrobletapalpa.com.mx\/wp-content\/gallery\/tapalpa-pueblo-magico\/piedrotas-1.jpg\" data-rel=\"prettyPhoto[1066]\"><img loading=\"lazy\" decoding=\"async\" class=\"\" src=\"http:\/\/portal.elrobletapalpa.com.mx\/wp-content\/gallery\/tapalpa-pueblo-magico\/piedrotas-1.jpg\" alt=\"Las Piedrotas\" width=\"521\" height=\"435\"><\/a><p class=\"wp-caption-text\">Las Piedrotas<\/p><\/div>\n<p>&nbsp;<\/p>\n<p><strong><em>Los Frailes<\/em><\/strong><\/p>\n<p style=\"text-align: justify;\">Formaciones rocosas un poco m\u00e1s altas que Las Piedrotas y que se encuentran en la cima de una elevaci\u00f3n monta\u00f1osa, representando un lugar muy interesante para los que gustan de practicar deportes de monta\u00f1a. Se sit\u00faan a 9 km al norte de Tapalpa.<\/p>\n<div id=\"attachment_1119\" style=\"width: 528px\" class=\"wp-caption aligncenter\"><img loading=\"lazy\" decoding=\"async\" aria-describedby=\"caption-attachment-1119\" class=\"wp-image-1119 \" src=\"http:\/\/portal.elrobletapalpa.com.mx\/wp-content\/uploads\/2017\/08\/los-frailes-300x168.jpg\" alt=\"Los Frailes\" width=\"518\" height=\"290\" srcset=\"https:\/\/elrobletapalpa.com.mx\/portal\/wp-content\/uploads\/2017\/08\/los-frailes-300x168.jpg 300w, https:\/\/elrobletapalpa.com.mx\/portal\/wp-content\/uploads\/2017\/08\/los-frailes-768x431.jpg 768w, https:\/\/elrobletapalpa.com.mx\/portal\/wp-content\/uploads\/2017\/08\/los-frailes.jpg 1000w\" sizes=\"(max-width: 518px) 100vw, 518px\" \/><p id=\"caption-attachment-1119\" class=\"wp-caption-text\">Los Frailes<\/p><\/div>\n<p><strong><em>Atacco<\/em><\/strong><\/p>\n<p>Aqu\u00ed se erigi\u00f3 un templo franciscano cuyas ruinas a\u00fan permanecen en pie, fue el primer centro de colonizaci\u00f3n de la regi\u00f3n. Se localiza a 3 km al sur de Tapalpa.<\/p>\n<div style=\"width: 510px\" class=\"wp-caption aligncenter\"><a href=\"http:\/\/portal.elrobletapalpa.com.mx\/wp-content\/uploads\/2017\/08\/templo-de-atacco.jpg\" data-rel=\"prettyPhoto[1066]\"><img loading=\"lazy\" decoding=\"async\" class=\"\" src=\"http:\/\/portal.elrobletapalpa.com.mx\/wp-content\/uploads\/2017\/08\/templo-de-atacco.jpg\" alt=\"Templo de Ataco\" width=\"500\" height=\"667\"><\/a><p class=\"wp-caption-text\">Templo de Ataco<\/p><\/div>\n<p>&nbsp;<\/p>\n<p><strong><em>Salto del Nogal<\/em><\/strong><\/p>\n<p style=\"text-align: justify;\">Una ca\u00edda de agua de 102 m de altura rodeada de bosques de pino y encino, por cuyas paredes pueden practicarse diversas actividades de alpinismo y monta\u00f1ismo. Se encuentra a 18 km al sur de Tapalpa.<\/p>\n<div style=\"width: 910px\" class=\"wp-caption aligncenter\"><a href=\"http:\/\/portal.elrobletapalpa.com.mx\/wp-content\/gallery\/tapalpa-pueblo-magico\/SaltodelNogal.jpg\" data-rel=\"prettyPhoto[1066]\"><img loading=\"lazy\" decoding=\"async\" src=\"http:\/\/portal.elrobletapalpa.com.mx\/wp-content\/gallery\/tapalpa-pueblo-magico\/SaltodelNogal.jpg\" alt=\"Cascada el salto del nogal\" width=\"900\" height=\"411\"><\/a><p class=\"wp-caption-text\">Cascada el salto del nogal<\/p><\/div>\n<p>&nbsp;<\/p>\n<p><strong><em>Presa El Nogal<\/em><\/strong><\/p>\n<p style=\"text-align: justify;\">El embalse tiene un volumen de 19 millones de m2 y una superficie de 30 hect\u00e1reas, se localiza a una altura de 1 950 m sobre el nivel del mar. La fauna en la zona la integran especies de bagre, lobina y trucha, adem\u00e1s de garzas y patos.<\/p>\n<div style=\"width: 910px\" class=\"wp-caption aligncenter\"><a href=\"http:\/\/portal.elrobletapalpa.com.mx\/wp-content\/gallery\/tapalpa-pueblo-magico\/presa-del-nogal.jpg\" data-rel=\"prettyPhoto[1066]\"><img loading=\"lazy\" decoding=\"async\" class=\"size-full\" src=\"http:\/\/portal.elrobletapalpa.com.mx\/wp-content\/gallery\/tapalpa-pueblo-magico\/presa-del-nogal.jpg\" alt=\"Presa el nogal\" width=\"900\" height=\"506\"><\/a><p class=\"wp-caption-text\">Presa el nogal<\/p><\/div>\n<p style=\"text-align: justify;\">En la actualidad, Tapalpa se ha convertido tambi\u00e9n en sede de una de las paradas principales de la Paragliding World Cup (PWC) o Copa Mundial de Parapente, misma que comenz\u00f3 en 2002. Desde esa fecha, Tapalpa ha participado en torneos internacionales de esta actividad, siendo la sede de alguna de las etapas, junto con Monte Grapa (Italia), Abtenau (Austria), Talloires (Francia) y Kayseri (Turquia).<\/p>\n","protected":false},"excerpt":{"rendered":"<p>Actividades de Monta\u00f1a: Kayaks,&nbsp; &nbsp;Cuatrimotos, Caballos, parapente, ala delta, Juegos extremos, Gocha, Tirolesas, Rapel, Tiro, Deportes acu\u00e1ticos, Ciclismo de monta\u00f1a; Paseos recreativos al Salto del Nogal, la cascada m\u00e1s alta de Jalisco, Al m\u00edstico Valle de Las Piedrotas, caminatas por el bosque, Por ma\u00f1ana a la orde\u00f1a; Pinganas o pajaretes. (Leche caliente con o sin alcohol con su pan dulce de Pueblo). Servicio de Gu\u00eda para motos Cuatrimotos y A.T.V., para rutas cortas como El salto del nogal, Sayula, La presa Etc. El Pueblo: disfruta del hermoso pueblo m\u00e1gico sus calles adosadas, su plaza, restaurantes con su gastronomia t\u00edpica, bares,[&#8230;]<\/p>\n","protected":false},"author":2,"featured_media":0,"parent":1162,"menu_order":2,"comment_status":"closed","ping_status":"closed","template":"","meta":{"ngg_post_thumbnail":0,"footnotes":""},"_links":{"self":[{"href":"https:\/\/elrobletapalpa.com.mx\/portal\/index.php?rest_route=\/wp\/v2\/pages\/1066"}],"collection":[{"href":"https:\/\/elrobletapalpa.com.mx\/portal\/index.php?rest_route=\/wp\/v2\/pages"}],"about":[{"href":"https:\/\/elrobletapalpa.com.mx\/portal\/index.php?rest_route=\/wp\/v2\/types\/page"}],"author":[{"embeddable":true,"href":"https:\/\/elrobletapalpa.com.mx\/portal\/index.php?rest_route=\/wp\/v2\/users\/2"}],"replies":[{"embeddable":true,"href":"https:\/\/elrobletapalpa.com.mx\/portal\/index.php?rest_route=%2Fwp%2Fv2%2Fcomments&post=1066"}],"version-history":[{"count":39,"href":"https:\/\/elrobletapalpa.com.mx\/portal\/index.php?rest_route=\/wp\/v2\/pages\/1066\/revisions"}],"predecessor-version":[{"id":1124,"href":"https:\/\/elrobletapalpa.com.mx\/portal\/index.php?rest_route=\/wp\/v2\/pages\/1066\/revisions\/1124"}],"up":[{"embeddable":true,"href":"https:\/\/elrobletapalpa.com.mx\/portal\/index.php?rest_route=\/wp\/v2\/pages\/1162"}],"wp:attachment":[{"href":"https:\/\/elrobletapalpa.com.mx\/portal\/index.php?rest_route=%2Fwp%2Fv2%2Fmedia&parent=1066"}],"curies":[{"name":"wp","href":"https:\/\/api.w.org\/{rel}","templated":true}]}}